{"id":3923,"date":"2025-02-20T11:11:43","date_gmt":"2025-02-20T10:11:43","guid":{"rendered":"https:\/\/campussegen.de\/?page_id=3923"},"modified":"2025-02-20T15:42:08","modified_gmt":"2025-02-20T14:42:08","slug":"code-of-conduct","status":"publish","type":"page","link":"https:\/\/campussegen.de\/en\/code-of-conduct\/","title":{"rendered":"Code of Conduct \/ Verhaltenskodex"},"content":{"rendered":"\n<div class=\"wp-block-columns are-vertically-aligned-center is-layout-flex wp-container-core-columns-is-layout-9d6595d7 wp-block-columns-is-layout-flex\">\n<div class=\"wp-block-column is-vertically-aligned-center is-layout-flow wp-block-column-is-layout-flow\" style=\"flex-basis:100%\">\n<p>Das Wort \u201aSegen\u2018 in \u201aCampusSegen\u2019, von lat. <em>bene dicere<\/em> \u201aGutes zu sagen\u2018, legt den Fokus auf das physische und psychische Wohl. Wir glauben, dass jeder Mensch einen von Gott ihm verliehenen Wert und eine unver\u00e4nderliche W\u00fcrde besitzt, die es zu sch\u00fctzen gilt. Aus diesem Grund haben wir f\u00fcr CampusSegen einen Code of Conduct formuliert, damit sich alle bei uns angenommen, wohl und sicher f\u00fchlen k\u00f6nnen.<\/p>\n<p>1. Kein Mensch darf wegen seiner Herkunft, Religion, des Geschlechts, der sexuellen Orientierung, wegen seines \u00f6konomischen Status, einer Behinderung, des \u00e4u\u00dferen Erscheinungsbilds oder des Alters diskriminierend behandelt werden. Ebenfalls wird eine diskriminierende Rede nicht geduldet.<\/p>\n<p>2. Als Mitarbeitende bei CampusSegen verpflichten wir uns zu einem wertsch\u00e4tzenden und diskriminierungsfreien Umgang mit unseren G\u00e4sten, Besucher:innen, Ratsuchenden und Klient:innen.<\/p>\n<p>3. In unseren Beratungen und Gespr\u00e4chen achten wir darauf, dass eine f\u00fcr beide Seiten stimmige Balance von N\u00e4he und Distanz eingehalten wird.<\/p>\n<p>4. Macht- und Abh\u00e4ngigkeitsverh\u00e4ltnisse, die sich aus der Erstellung von Gutachten oder aus der Vergabe von finanziellen Beihilfen ergeben k\u00f6nnten, werden reflektiert.<\/p>\n<p>5. In Beratungen, Begleitungen und Kontakten folgen wir unserem Auftrag, Menschen zu einem erf\u00fcllten Leben in Freiheit und Verantwortung zu bef\u00e4higen und lehnen jegliche Form von (geistlichem) Machtmissbrauch ab.<\/p>\n<p>6. Wir legen gro\u00dfen Wert auf die Achtung von Grenzen anderer. Jegliche Formen von (sexualisierten) Grenz\u00fcberschreitungen, Bel\u00e4stigungen oder Gewalt werden nicht toleriert.<\/p>\n<p>7. Wir treten ein f\u00fcr Glaubensfreiheit und Toleranz im Umgang mit verschiedenen Religionen und Weltanschauungen.<\/p>\n<p>8. Wir erwarten, dass unsere G\u00e4ste und Besucher:innen stets darauf bedacht sind, in ihrem Verhalten, Handeln und Reden andere Menschen mit Respekt zu behandeln und ihre Menschenw\u00fcrde zu achten.<\/p>\n<p>9. Wir treten ein f\u00fcr die Rechte der von Diskriminierung betroffenen Menschen und unterst\u00fctzen sie.<\/p>\n<p>10. CampusSegen soll zu einem immer gr\u00f6\u00dferen Safe Space werden.<br \/><br \/><br \/><\/p>\n<\/div>\n<\/div>\n\n\n","protected":false},"excerpt":{"rendered":"<p>Das Wort \u201aSegen\u2018 in \u201aCampusSegen\u2019, von lat. bene dicere \u201aGutes zu sagen\u2018, legt den Fokus auf das physische und psychische Wohl. Wir glauben, dass jeder Mensch einen von Gott ihm verliehenen Wert und eine unver\u00e4nderliche W\u00fcrde besitzt, die es zu sch\u00fctzen gilt. Aus diesem Grund haben wir f\u00fcr CampusSegen einen Code of Conduct formuliert, damit [&hellip;]<\/p>\n","protected":false},"author":1,"featured_media":1675,"parent":0,"menu_order":0,"comment_status":"closed","ping_status":"closed","template":"","meta":{"footnotes":""},"class_list":["post-3923","page","type-page","status-publish","has-post-thumbnail","hentry","has-thumbnail"],"_links":{"self":[{"href":"https:\/\/campussegen.de\/en\/wp-json\/wp\/v2\/pages\/3923","targetHints":{"allow":["GET"]}}],"collection":[{"href":"https:\/\/campussegen.de\/en\/wp-json\/wp\/v2\/pages"}],"about":[{"href":"https:\/\/campussegen.de\/en\/wp-json\/wp\/v2\/types\/page"}],"author":[{"embeddable":true,"href":"https:\/\/campussegen.de\/en\/wp-json\/wp\/v2\/users\/1"}],"replies":[{"embeddable":true,"href":"https:\/\/campussegen.de\/en\/wp-json\/wp\/v2\/comments?post=3923"}],"version-history":[{"count":16,"href":"https:\/\/campussegen.de\/en\/wp-json\/wp\/v2\/pages\/3923\/revisions"}],"predecessor-version":[{"id":3943,"href":"https:\/\/campussegen.de\/en\/wp-json\/wp\/v2\/pages\/3923\/revisions\/3943"}],"wp:featuredmedia":[{"embeddable":true,"href":"https:\/\/campussegen.de\/en\/wp-json\/wp\/v2\/media\/1675"}],"wp:attachment":[{"href":"https:\/\/campussegen.de\/en\/wp-json\/wp\/v2\/media?parent=3923"}],"curies":[{"name":"wp","href":"https:\/\/api.w.org\/{rel}","templated":true}]}}