{"id":1927,"date":"2018-05-24T15:22:16","date_gmt":"2018-05-24T13:22:16","guid":{"rendered":"http:\/\/campussegen.de\/?page_id=1927"},"modified":"2021-09-01T17:55:52","modified_gmt":"2021-09-01T15:55:52","slug":"impressum","status":"publish","type":"page","link":"https:\/\/campussegen.de\/en\/impressum\/","title":{"rendered":"Impressum"},"content":{"rendered":"<div id=\"pl-1927\"  class=\"panel-layout\" ><div id=\"pg-1927-0\"  class=\"panel-grid panel-no-style\" ><div id=\"pgc-1927-0-0\"  class=\"panel-grid-cell\" ><div id=\"panel-1927-0-0-0\" class=\"so-panel widget widget_sow-editor panel-first-child panel-last-child\" data-index=\"0\" ><div\n\t\t\t\n\t\t\tclass=\"so-widget-sow-editor so-widget-sow-editor-base\"\n\t\t\t\n\t\t><h4 class=\"widget-title\">Impressum<\/h4>\n<div class=\"siteorigin-widget-tinymce textwidget\">\n\t<p><strong>1. Anbieterkennzeichnung<\/strong><br \/>\nBistum Essen<br \/>\nZw\u00f6lfling 16<br \/>\n45127 Essen<br \/>\nTel.: 0201 \/ 2204 - 1<br \/>\nFax: 0201 \/ 2204 - 570<br \/>\nE-Mail: generalvikariat@bistum-essen.de<br \/>\nInternet: www.bistum-essen.de \/ www.campussegen.de<br \/>\nDas Bistum Essen ist eine K\u00f6rperschaft des \u00f6ffentlichen Rechts. Sie wird vertreten durch Generalvikar Msgr. Klaus Pfeffer (Kontakt \u00fcber obenstehende Angaben).<\/p>\n<p>Inhaltlich Verantwortlicher gem\u00e4\u00df \u00a7 18 MStV: Di\u00f6zesanhochschulseelsorger Stefan Wiesel (Postanschrift wie oben, E-Mail: stefan@campussegen.de).<br \/>\nWeitere Verantwortliche nach \u00a7 18 MStV:<br \/>\nF\u00fcr die Informationen und die zum Herunterladen zur Verf\u00fcgung stehenden Inhalte sind jeweils die namentlich genannten Autoren verantwortlich<\/p>\n<p><strong>2. Hinweise zu Urheber- und Kennzeichenrechten<\/strong><br \/>\nTexte, Bilder, Grafiken sowie Layout dieser Seiten unterliegen weltweitem Urheberrecht. Unerlaubte Verwendung, Reproduktion oder Weitergabe einzelner Inhalte oder kompletter Seiten sind ausdr\u00fccklich untersagt, mit Ausnahme des Herunterladens einer einzigen Kopie des Materials auf einen einzelnen Computer f\u00fcr Ihren ausschlie\u00dflich pers\u00f6nlichen, privaten Heimgebrauch und auch dies nur unter der Voraussetzung, dass die Urheber- und sonstigen Rechte nicht verletzt und die Urheberbezeichnungen nicht beeintr\u00e4chtigt werden.<\/p>\n<p><strong>3. Haftungshinweis<\/strong><br \/>\nUnser Angebot enth\u00e4lt Links zu externen Websites Dritter, auf deren Inhalte wir keinen Einfluss haben. Deshalb k\u00f6nnen wir f\u00fcr diese fremden Inhalte auch keine Gew\u00e4hr \u00fcbernehmen. F\u00fcr die Inhalte der verlinkten Seiten ist stets der jeweilige Anbieter oder Betreiber der Seiten verantwortlich. Die verlinkten Seiten wurden zum Zeitpunkt der Verlinkung auf m\u00f6gliche Rechtsverst\u00f6\u00dfe \u00fcberpr\u00fcft. Rechtswidrige Inhalte waren zum Zeitpunkt der Verlinkung nicht erkennbar. Eine permanente inhaltliche Kontrolle der verlinkten Seiten ist jedoch ohne konkrete Anhaltspunkte einer Rechtsverletzung nicht zumutbar. Bei Bekanntwerden von Rechtsverletzungen werden wir derartige Links umgehend entfernen.<\/p>\n<p>Dieses Impressum gilt auch f\u00fcr:<br \/>\n<a href=\"https:\/\/www.facebook.com\/CampusSegen\">https:\/\/www.facebook.com\/CampusSegen<\/a><u><br \/>\n<\/u><a href=\"https:\/\/www.instagram.com\/CampusSegen\">https:\/\/www.instagram.com\/CampusSegen<\/a><\/p>\n<p><strong>4. Redaktion<br \/>\n<\/strong>Kilian Schlattmann<br \/>\nwww.campussegen.de<sup><br \/>\n<\/sup>E-Mail: kilian@campussegen.de<\/p>\n<p><strong>5.\u00a0Konzept und Layout<br \/>\n<\/strong>gobasil GmbH ~ Agentur f\u00fcr Kommunikation<br \/>\nEva Jung (u.a.)<br \/>\nPostkamp 12<br \/>\n30159 Hannover<br \/>\nTel.: 0511 \/ 92 07 86 0<\/p>\n<p>Hammer Steindamm 62<br \/>\n20535 Hamburg<br \/>\nTel.: 040 \/ 244 24 08 30<\/p>\n<p>E-Mail: info@gobasil.com<br \/>\nInternet: www.gobasil.com<\/p>\n<p><strong>6. Technische Umsetzung<br \/>\n<\/strong>i-gelb GmbH<strong><br \/>\n<\/strong>Mauritiuswall 24-26<br \/>\n50676 K\u00f6ln<br \/>\nTel.: 0221 \/ 8888 300<br \/>\nFax: 0221 \/ 8888 3099<br \/>\nE-Mail: info@i-gelb.com<br \/>\nInternet: www.i-gelb.com<\/p>\n<p><strong>7. Fotos<br \/>\n<\/strong>\u00a9 CampusSegen \/ Stefan Klinkhammer, Robert Brodatzki, Kilian Schlattmann<\/p>\n<\/div>\n<\/div><\/div><\/div><div id=\"pgc-1927-0-1\"  class=\"panel-grid-cell\" ><div id=\"panel-1927-0-1-0\" class=\"so-panel widget widget_sow-editor panel-first-child panel-last-child\" data-index=\"1\" ><div\n\t\t\t\n\t\t\tclass=\"so-widget-sow-editor so-widget-sow-editor-base\"\n\t\t\t\n\t\t><h4 class=\"widget-title\">CampusSegen<\/h4>\n<div class=\"siteorigin-widget-tinymce textwidget\">\n\t<p><strong>Basis Bochum<\/strong><br \/>\n(UFO \/ Uni-Center)<br \/>\nQuerenburger H\u00f6he 286<br \/>\n44801 Bochum<br \/>\nTel. 0234 \/ 588 45\u00a0- 0<br \/>\nFax: 0234 \/ 588 45 - 29<br \/>\nE-Mail: hallo@campussegen.de<\/p>\n<p><strong>Basis Essen<\/strong><br \/>\nAn St. Marien 5a<br \/>\n45141 Essen<br \/>\nTel. 0201 \/ 243 7350<br \/>\nhallo@campussegen.de<\/p>\n<p>Leitung: Di\u00f6zesanhochschulseelsorger Stefan Wiesel<\/p>\n<\/div>\n<\/div><\/div><\/div><\/div><\/div>","protected":false},"excerpt":{"rendered":"<p>1. Anbieterkennzeichnung Bistum Essen Zw\u00f6lfling 16 45127 Essen Tel.: 0201 \/ 2204 &#8211; 1 Fax: 0201 \/ 2204 &#8211; 570 E-Mail: generalvikariat@bistum-essen.de Internet: www.bistum-essen.de \/ www.campussegen.de Das Bistum Essen ist eine K\u00f6rperschaft des \u00f6ffentlichen Rechts. Sie wird vertreten durch Generalvikar Msgr. Klaus Pfeffer (Kontakt \u00fcber obenstehende Angaben). Inhaltlich Verantwortlicher gem\u00e4\u00df \u00a7 18 MStV: Di\u00f6zesanhochschulseelsorger Stefan [&hellip;]<\/p>\n","protected":false},"author":1,"featured_media":1675,"parent":0,"menu_order":0,"comment_status":"closed","ping_status":"closed","template":"","meta":{"footnotes":""},"class_list":["post-1927","page","type-page","status-publish","has-post-thumbnail","hentry","has-thumbnail"],"_links":{"self":[{"href":"https:\/\/campussegen.de\/en\/wp-json\/wp\/v2\/pages\/1927","targetHints":{"allow":["GET"]}}],"collection":[{"href":"https:\/\/campussegen.de\/en\/wp-json\/wp\/v2\/pages"}],"about":[{"href":"https:\/\/campussegen.de\/en\/wp-json\/wp\/v2\/types\/page"}],"author":[{"embeddable":true,"href":"https:\/\/campussegen.de\/en\/wp-json\/wp\/v2\/users\/1"}],"replies":[{"embeddable":true,"href":"https:\/\/campussegen.de\/en\/wp-json\/wp\/v2\/comments?post=1927"}],"version-history":[{"count":23,"href":"https:\/\/campussegen.de\/en\/wp-json\/wp\/v2\/pages\/1927\/revisions"}],"predecessor-version":[{"id":3189,"href":"https:\/\/campussegen.de\/en\/wp-json\/wp\/v2\/pages\/1927\/revisions\/3189"}],"wp:featuredmedia":[{"embeddable":true,"href":"https:\/\/campussegen.de\/en\/wp-json\/wp\/v2\/media\/1675"}],"wp:attachment":[{"href":"https:\/\/campussegen.de\/en\/wp-json\/wp\/v2\/media?parent=1927"}],"curies":[{"name":"wp","href":"https:\/\/api.w.org\/{rel}","templated":true}]}}